{"id":990,"date":"2024-11-16T18:23:26","date_gmt":"2024-11-16T21:23:26","guid":{"rendered":"https:\/\/mmi.cl\/?page_id=990"},"modified":"2024-11-16T21:59:34","modified_gmt":"2024-11-17T00:59:34","slug":"donaciones","status":"publish","type":"page","link":"https:\/\/mmi.cl\/index.php\/donaciones\/","title":{"rendered":"Donaciones"},"content":{"rendered":"\t\t<div data-elementor-type=\"wp-page\" data-elementor-id=\"990\" class=\"elementor elementor-990\">\n\t\t\t\t\t\t\t\t\t<section class=\"elementor-section elementor-top-section elementor-element elementor-element-1517a94 elementor-section-boxed elementor-section-height-default elementor-section-height-default\" data-id=\"1517a94\" data-element_type=\"section\">\n\t\t\t\t\t\t<div class=\"elementor-container elementor-column-gap-default\">\n\t\t\t\t\t<div class=\"elementor-column elementor-col-100 elementor-top-column elementor-element elementor-element-9ed8695\" data-id=\"9ed8695\" data-element_type=\"column\">\n\t\t\t<div class=\"elementor-widget-wrap elementor-element-populated\">\n\t\t\t\t\t\t\t\t<div class=\"elementor-element elementor-element-76929c6 elementor-widget elementor-widget-image\" data-id=\"76929c6\" data-element_type=\"widget\" data-widget_type=\"image.default\">\n\t\t\t\t<div class=\"elementor-widget-container\">\n\t\t\t<style>\/*! elementor - v3.8.0 - 30-10-2022 *\/\n.elementor-widget-image{text-align:center}.elementor-widget-image a{display:inline-block}.elementor-widget-image a img[src$=\".svg\"]{width:48px}.elementor-widget-image img{vertical-align:middle;display:inline-block}<\/style>\t\t\t\t\t\t\t\t\t\t\t\t<img decoding=\"async\" width=\"594\" height=\"280\" src=\"https:\/\/mmi.cl\/wp-content\/uploads\/2024\/11\/gracias.jpg\" class=\"attachment-large size-large\" alt=\"\" loading=\"lazy\" srcset=\"https:\/\/mmi.cl\/wp-content\/uploads\/2024\/11\/gracias.jpg 594w, https:\/\/mmi.cl\/wp-content\/uploads\/2024\/11\/gracias-300x141.jpg 300w\" sizes=\"(max-width: 594px) 100vw, 594px\" \/>\t\t\t\t\t\t\t\t\t\t\t\t\t\t\t<\/div>\n\t\t\t\t<\/div>\n\t\t\t\t\t<\/div>\n\t\t<\/div>\n\t\t\t\t\t\t\t<\/div>\n\t\t<\/section>\n\t\t\t\t<section class=\"elementor-section elementor-top-section elementor-element elementor-element-f564485 elementor-section-boxed elementor-section-height-default elementor-section-height-default\" data-id=\"f564485\" data-element_type=\"section\">\n\t\t\t\t\t\t<div class=\"elementor-container elementor-column-gap-default\">\n\t\t\t\t\t<div class=\"elementor-column elementor-col-100 elementor-top-column elementor-element elementor-element-1eba8b9\" data-id=\"1eba8b9\" data-element_type=\"column\">\n\t\t\t<div class=\"elementor-widget-wrap elementor-element-populated\">\n\t\t\t\t\t\t\t\t<div class=\"elementor-element elementor-element-b5a2a86 elementor-widget elementor-widget-text-editor\" data-id=\"b5a2a86\" data-element_type=\"widget\" data-widget_type=\"text-editor.default\">\n\t\t\t\t<div class=\"elementor-widget-container\">\n\t\t\t<style>\/*! elementor - v3.8.0 - 30-10-2022 *\/\n.elementor-widget-text-editor.elementor-drop-cap-view-stacked .elementor-drop-cap{background-color:#818a91;color:#fff}.elementor-widget-text-editor.elementor-drop-cap-view-framed .elementor-drop-cap{color:#818a91;border:3px solid;background-color:transparent}.elementor-widget-text-editor:not(.elementor-drop-cap-view-default) .elementor-drop-cap{margin-top:8px}.elementor-widget-text-editor:not(.elementor-drop-cap-view-default) .elementor-drop-cap-letter{width:1em;height:1em}.elementor-widget-text-editor .elementor-drop-cap{float:left;text-align:center;line-height:1;font-size:50px}.elementor-widget-text-editor .elementor-drop-cap-letter{display:inline-block}<\/style>\t\t\t\t<p>Tu Donaci\u00f3n nos ayuda a seguir financiando nuestro servidor de radio online.<\/p><p>Estamos continuamente trabajando para entregarte la mejor programaci\u00f3n musical.<\/p><p>Gracias por ayudarnos a llegar a m\u00e1s personas mediante nuestra aplicaci\u00f3n de play store, comparte \u00e9sta bendici\u00f3n.<\/p>\t\t\t\t\t\t<\/div>\n\t\t\t\t<\/div>\n\t\t\t\t\t<\/div>\n\t\t<\/div>\n\t\t\t\t\t\t\t<\/div>\n\t\t<\/section>\n\t\t\t\t<section class=\"elementor-section elementor-top-section elementor-element elementor-element-62c8594 elementor-section-boxed elementor-section-height-default elementor-section-height-default\" data-id=\"62c8594\" data-element_type=\"section\">\n\t\t\t\t\t\t<div class=\"elementor-container elementor-column-gap-default\">\n\t\t\t\t\t<div class=\"elementor-column elementor-col-33 elementor-top-column elementor-element elementor-element-85e5c18\" data-id=\"85e5c18\" data-element_type=\"column\">\n\t\t\t<div class=\"elementor-widget-wrap elementor-element-populated\">\n\t\t\t\t\t\t\t\t<div class=\"elementor-element elementor-element-f488629 elementor-widget elementor-widget-image\" data-id=\"f488629\" data-element_type=\"widget\" data-widget_type=\"image.default\">\n\t\t\t\t<div class=\"elementor-widget-container\">\n\t\t\t\t\t\t\t\t\t\t\t\t\t\t\t<img decoding=\"async\" width=\"626\" height=\"626\" src=\"https:\/\/mmi.cl\/wp-content\/uploads\/2024\/11\/Radio-Neon.jpg\" class=\"attachment-large size-large\" alt=\"\" loading=\"lazy\" srcset=\"https:\/\/mmi.cl\/wp-content\/uploads\/2024\/11\/Radio-Neon.jpg 626w, https:\/\/mmi.cl\/wp-content\/uploads\/2024\/11\/Radio-Neon-300x300.jpg 300w, https:\/\/mmi.cl\/wp-content\/uploads\/2024\/11\/Radio-Neon-150x150.jpg 150w\" sizes=\"(max-width: 626px) 100vw, 626px\" \/>\t\t\t\t\t\t\t\t\t\t\t\t\t\t\t<\/div>\n\t\t\t\t<\/div>\n\t\t\t\t\t<\/div>\n\t\t<\/div>\n\t\t\t\t<div class=\"elementor-column elementor-col-66 elementor-top-column elementor-element elementor-element-9c6fc4e\" data-id=\"9c6fc4e\" data-element_type=\"column\">\n\t\t\t<div class=\"elementor-widget-wrap elementor-element-populated\">\n\t\t\t\t\t\t\t\t<div class=\"elementor-element elementor-element-459e9bf elementor-widget elementor-widget-text-editor\" data-id=\"459e9bf\" data-element_type=\"widget\" data-widget_type=\"text-editor.default\">\n\t\t\t\t<div class=\"elementor-widget-container\">\n\t\t\t\t\t\t\t<p>\u00a0 \u00a0Puedes Realizar tu Donaci\u00f3n por Transferencia a los siguientes datos bancarios:<\/p><p>\u00a0 \u00a0Banco Santander Chile<br \/>\u00a0 \u00a0Chequera Electr\u00f3nica<br \/>\u00a0 \u00a05618078711<br \/>\u00a0 \u00a0Thamar Marilao<br \/>\u00a0 \u00a018.078.711-9<\/p><p>\u00a0 \u00a0Para Donaciones v\u00eda PayPal:<br \/>\u00a0 \u00a0thamar.natanael@gmail.com<\/p><p>\u00a0 \u00a0Muchas Gracias<br \/>\u00a0 \u00a0Bendiciones<\/p>\t\t\t\t\t\t<\/div>\n\t\t\t\t<\/div>\n\t\t\t\t\t<\/div>\n\t\t<\/div>\n\t\t\t\t\t\t\t<\/div>\n\t\t<\/section>\n\t\t\t\t\t\t\t<\/div>\n\t\t","protected":false},"excerpt":{"rendered":"<p>Tu Donaci\u00f3n nos ayuda a seguir financiando nuestro servidor de radio online. Estamos continuamente trabajando para entregarte la mejor programaci\u00f3n musical. Gracias por ayudarnos a llegar a m\u00e1s personas mediante nuestra aplicaci\u00f3n de play store, comparte \u00e9sta bendici\u00f3n. \u00a0 \u00a0Puedes Realizar tu Donaci\u00f3n por Transferencia a los siguientes datos bancarios: \u00a0 \u00a0Banco Santander Chile\u00a0 \u00a0Chequera &hellip;<\/p>\n<p class=\"read-more\"> <a class=\"\" href=\"https:\/\/mmi.cl\/index.php\/donaciones\/\"> <span class=\"screen-reader-text\">Donaciones<\/span> Read More &raquo;<\/a><\/p>\n","protected":false},"author":2,"featured_media":0,"parent":0,"menu_order":0,"comment_status":"closed","ping_status":"closed","template":"","meta":{"om_disable_all_campaigns":false,"_monsterinsights_skip_tracking":false,"_monsterinsights_sitenote_active":false,"_monsterinsights_sitenote_note":"","_monsterinsights_sitenote_category":0,"site-sidebar-layout":"no-sidebar","site-content-layout":"page-builder","ast-global-header-display":"","ast-main-header-display":"","ast-hfb-above-header-display":"","ast-hfb-below-header-display":"","ast-hfb-mobile-header-display":"","site-post-title":"disabled","ast-breadcrumbs-content":"","ast-featured-img":"disabled","footer-sml-layout":"","theme-transparent-header-meta":"","adv-header-id-meta":"","stick-header-meta":"","header-above-stick-meta":"","header-main-stick-meta":"","header-below-stick-meta":""},"aioseo_notices":[],"_links":{"self":[{"href":"https:\/\/mmi.cl\/index.php\/wp-json\/wp\/v2\/pages\/990"}],"collection":[{"href":"https:\/\/mmi.cl\/index.php\/wp-json\/wp\/v2\/pages"}],"about":[{"href":"https:\/\/mmi.cl\/index.php\/wp-json\/wp\/v2\/types\/page"}],"author":[{"embeddable":true,"href":"https:\/\/mmi.cl\/index.php\/wp-json\/wp\/v2\/users\/2"}],"replies":[{"embeddable":true,"href":"https:\/\/mmi.cl\/index.php\/wp-json\/wp\/v2\/comments?post=990"}],"version-history":[{"count":11,"href":"https:\/\/mmi.cl\/index.php\/wp-json\/wp\/v2\/pages\/990\/revisions"}],"predecessor-version":[{"id":1003,"href":"https:\/\/mmi.cl\/index.php\/wp-json\/wp\/v2\/pages\/990\/revisions\/1003"}],"wp:attachment":[{"href":"https:\/\/mmi.cl\/index.php\/wp-json\/wp\/v2\/media?parent=990"}],"curies":[{"name":"wp","href":"https:\/\/api.w.org\/{rel}","templated":true}]}}